{"id":79,"date":"2024-12-04T09:59:13","date_gmt":"2024-12-04T09:59:13","guid":{"rendered":"https:\/\/rotary.b01.me\/?page_id=79"},"modified":"2025-01-14T16:45:07","modified_gmt":"2025-01-14T16:45:07","slug":"il-rotary","status":"publish","type":"page","link":"https:\/\/rotary.b01.me\/index.php\/il-rotary\/","title":{"rendered":"Il Rotary"},"content":{"rendered":"\t\t<div data-elementor-type=\"wp-page\" data-elementor-id=\"79\" class=\"elementor elementor-79\" data-elementor-post-type=\"page\">\n\t\t\t\t<div class=\"elementor-element elementor-element-617daa5 e-con-full e-flex elementor-invisible e-con e-parent\" data-id=\"617daa5\" data-element_type=\"container\" data-settings=\"{&quot;background_background&quot;:&quot;gradient&quot;,&quot;animation&quot;:&quot;fadeInLeft&quot;}\">\n\t\t<div class=\"elementor-element elementor-element-efad510 e-con-full e-flex e-con e-child\" data-id=\"efad510\" data-element_type=\"container\" data-settings=\"{&quot;background_background&quot;:&quot;classic&quot;}\">\n\t\t\t\t<div class=\"elementor-element elementor-element-0f7c5ca elementor-widget elementor-widget-text-editor\" data-id=\"0f7c5ca\" data-element_type=\"widget\" data-widget_type=\"text-editor.default\">\n\t\t\t\t<div class=\"elementor-widget-container\">\n\t\t\t\t\t\t\t<p>Il Rotary \u00e8 una rete globale di 1,2 milioni di uomini e donne intraprendenti, amici, conoscenti, professionisti e imprenditori che credono in un mondo dove tutti i popoli, insieme, promuovono cambiamenti positivi e duraturi nelle comunit\u00e0 vicine, in quelle lontane, in ognuno di noi.<\/p>\t\t\t\t\t\t<\/div>\n\t\t\t\t<\/div>\n\t\t\t\t<div class=\"elementor-element elementor-element-5a3a93e elementor-widget__width-auto elementor-mobile-align-center elementor-widget elementor-widget-button\" data-id=\"5a3a93e\" data-element_type=\"widget\" data-widget_type=\"button.default\">\n\t\t\t\t<div class=\"elementor-widget-container\">\n\t\t\t\t\t\t\t<div class=\"elementor-button-wrapper\">\n\t\t\t\t\t<a class=\"elementor-button elementor-button-link elementor-size-sm\" href=\"https:\/\/www.rotary.org\/it\" target=\"_blank\">\n\t\t\t\t\t\t<span class=\"elementor-button-content-wrapper\">\n\t\t\t\t\t\t\t\t\t<span class=\"elementor-button-text\">Scopri di pi\u00f9 sul Rotary<\/span>\n\t\t\t\t\t<\/span>\n\t\t\t\t\t<\/a>\n\t\t\t\t<\/div>\n\t\t\t\t\t\t<\/div>\n\t\t\t\t<\/div>\n\t\t\t\t<\/div>\n\t\t<div class=\"elementor-element elementor-element-0e16890 e-con-full e-flex e-con e-child\" data-id=\"0e16890\" data-element_type=\"container\" data-settings=\"{&quot;background_background&quot;:&quot;slideshow&quot;,&quot;background_slideshow_gallery&quot;:[{&quot;id&quot;:22,&quot;url&quot;:&quot;http:\\\/\\\/rotary.b01.me\\\/wp-content\\\/uploads\\\/2024\\\/12\\\/bimbo.jpg&quot;}],&quot;background_slideshow_ken_burns&quot;:&quot;yes&quot;,&quot;background_slideshow_slide_duration&quot;:5000,&quot;background_slideshow_slide_transition&quot;:&quot;fade&quot;,&quot;background_slideshow_transition_duration&quot;:500,&quot;background_slideshow_ken_burns_zoom_direction&quot;:&quot;in&quot;}\">\n\t\t\t\t<\/div>\n\t\t\t\t<\/div>\n\t\t<div class=\"elementor-element elementor-element-c9b7d20 animated-slow e-flex e-con-boxed elementor-invisible e-con e-parent\" data-id=\"c9b7d20\" data-element_type=\"container\" data-settings=\"{&quot;animation&quot;:&quot;fadeIn&quot;}\">\n\t\t\t\t\t<div class=\"e-con-inner\">\n\t\t\t\t<div class=\"elementor-element elementor-element-e7852aa elementor-widget__width-initial elementor-widget elementor-widget-text-editor\" data-id=\"e7852aa\" data-element_type=\"widget\" data-widget_type=\"text-editor.default\">\n\t\t\t\t<div class=\"elementor-widget-container\">\n\t\t\t\t\t\t\t<p>La risoluzione di problemi reali richiede vero impegno e visione. <strong>Per oltre 110 anni, i soci del Rotary sono pronti ad agire facendo leva sulla loro passione, energia e intelligenza per realizzare progetti sostenibili.<\/strong> Dall\u2019alfabetizzazione all\u2019edificazione della pace, dall\u2019acqua alla salute, siamo continuamente impegnati, fino alla fine, a migliorare il mondo in cui viviamo.<\/p><p>Approfondisci la tua conoscenza sulla nostra organizzazione, la nostra Fondazione e la nostra visione strategica.<\/p>\t\t\t\t\t\t<\/div>\n\t\t\t\t<\/div>\n\t\t\t\t\t<\/div>\n\t\t\t\t<\/div>\n\t\t<div class=\"elementor-element elementor-element-4d9dd93 e-con-full e-flex elementor-invisible e-con e-parent\" data-id=\"4d9dd93\" data-element_type=\"container\" data-settings=\"{&quot;background_background&quot;:&quot;gradient&quot;,&quot;animation&quot;:&quot;fadeInRight&quot;}\">\n\t\t<div class=\"elementor-element elementor-element-1b574d1 e-con-full e-flex e-con e-child\" data-id=\"1b574d1\" data-element_type=\"container\" data-settings=\"{&quot;background_background&quot;:&quot;classic&quot;}\">\n\t\t\t\t<div class=\"elementor-element elementor-element-b709cdc elementor-widget elementor-widget-text-editor\" data-id=\"b709cdc\" data-element_type=\"widget\" data-widget_type=\"text-editor.default\">\n\t\t\t\t<div class=\"elementor-widget-container\">\n\t\t\t\t\t\t\tCosa fa il Rotary\t\t\t\t\t\t<\/div>\n\t\t\t\t<\/div>\n\t\t\t\t<div class=\"elementor-element elementor-element-44124f0 elementor-widget elementor-widget-text-editor\" data-id=\"44124f0\" data-element_type=\"widget\" data-widget_type=\"text-editor.default\">\n\t\t\t\t<div class=\"elementor-widget-container\">\n\t\t\t\t\t\t\t<p>I soci del Rotary operano condividendo la responsabilit\u00e0 di passare all\u2019azione per risolvere i problemi pi\u00f9 pressanti del mondo. I nostri 46.000 club sono impegnati a:<\/p>\t\t\t\t\t\t<\/div>\n\t\t\t\t<\/div>\n\t\t\t\t<div class=\"elementor-element elementor-element-0841d33 elementor-widget elementor-widget-text-editor\" data-id=\"0841d33\" data-element_type=\"widget\" data-widget_type=\"text-editor.default\">\n\t\t\t\t<div class=\"elementor-widget-container\">\n\t\t\t\t\t\t\t<p>Promuovere la pace<br \/>Combattere le malattie<br \/>Fornire acqua e strutture igienico-sanitarie<br \/>Proteggere madri e bambini<br \/>Sostenere l\u2019istruzione<br \/>Sviluppare le economie locali<br \/>Tutelare l\u2019ambiente<\/p>\t\t\t\t\t\t<\/div>\n\t\t\t\t<\/div>\n\t\t\t\t<\/div>\n\t\t<div class=\"elementor-element elementor-element-a2ef6b9 e-con-full e-flex e-con e-child\" data-id=\"a2ef6b9\" data-element_type=\"container\" data-settings=\"{&quot;background_background&quot;:&quot;slideshow&quot;,&quot;background_slideshow_gallery&quot;:[{&quot;id&quot;:88,&quot;url&quot;:&quot;http:\\\/\\\/rotary.b01.me\\\/wp-content\\\/uploads\\\/2024\\\/12\\\/89f88539a06db6e259b57b20af110204.jpg&quot;}],&quot;background_slideshow_ken_burns&quot;:&quot;yes&quot;,&quot;background_slideshow_slide_duration&quot;:5000,&quot;background_slideshow_slide_transition&quot;:&quot;fade&quot;,&quot;background_slideshow_transition_duration&quot;:500,&quot;background_slideshow_ken_burns_zoom_direction&quot;:&quot;in&quot;}\">\n\t\t\t\t<\/div>\n\t\t\t\t<\/div>\n\t\t<div class=\"elementor-element elementor-element-d85f996 e-con-full e-flex elementor-invisible e-con e-parent\" data-id=\"d85f996\" data-element_type=\"container\" data-settings=\"{&quot;background_background&quot;:&quot;gradient&quot;,&quot;animation&quot;:&quot;fadeInLeft&quot;}\">\n\t\t<div class=\"elementor-element elementor-element-17a4255 e-con-full e-flex e-con e-child\" data-id=\"17a4255\" data-element_type=\"container\" data-settings=\"{&quot;background_background&quot;:&quot;slideshow&quot;,&quot;background_slideshow_gallery&quot;:[{&quot;id&quot;:89,&quot;url&quot;:&quot;http:\\\/\\\/rotary.b01.me\\\/wp-content\\\/uploads\\\/2024\\\/12\\\/8dc47bbd4c3f9fd5d4d165f7b61621e3.jpg&quot;}],&quot;background_slideshow_ken_burns&quot;:&quot;yes&quot;,&quot;background_slideshow_slide_duration&quot;:5000,&quot;background_slideshow_slide_transition&quot;:&quot;fade&quot;,&quot;background_slideshow_transition_duration&quot;:500,&quot;background_slideshow_ken_burns_zoom_direction&quot;:&quot;in&quot;}\">\n\t\t\t\t<\/div>\n\t\t<div class=\"elementor-element elementor-element-63a80f9 e-con-full e-flex e-con e-child\" data-id=\"63a80f9\" data-element_type=\"container\" data-settings=\"{&quot;background_background&quot;:&quot;classic&quot;}\">\n\t\t\t\t<div class=\"elementor-element elementor-element-17f1fd5 elementor-widget elementor-widget-text-editor\" data-id=\"17f1fd5\" data-element_type=\"widget\" data-widget_type=\"text-editor.default\">\n\t\t\t\t<div class=\"elementor-widget-container\">\n\t\t\t\t\t\t\t<p>La nostra missione<\/p>\t\t\t\t\t\t<\/div>\n\t\t\t\t<\/div>\n\t\t\t\t<div class=\"elementor-element elementor-element-3661908 elementor-widget elementor-widget-text-editor\" data-id=\"3661908\" data-element_type=\"widget\" data-widget_type=\"text-editor.default\">\n\t\t\t\t<div class=\"elementor-widget-container\">\n\t\t\t\t\t\t\t<p>Forniamo service al prossimo, promuoviamo l\u2019integrit\u00e0 e avanziamo la comprensione internazionale, la buona volont\u00e0 e la pace attraverso la nostra community di imprenditori, professionisti e leader della comunit\u00e0.<\/p>\t\t\t\t\t\t<\/div>\n\t\t\t\t<\/div>\n\t\t\t\t<div class=\"elementor-element elementor-element-7e90593 elementor-widget-divider--view-line elementor-widget elementor-widget-divider\" data-id=\"7e90593\" data-element_type=\"widget\" data-widget_type=\"divider.default\">\n\t\t\t\t<div class=\"elementor-widget-container\">\n\t\t\t\t\t<div class=\"elementor-divider\">\n\t\t\t<span class=\"elementor-divider-separator\">\n\t\t\t\t\t\t<\/span>\n\t\t<\/div>\n\t\t\t\t<\/div>\n\t\t\t\t<\/div>\n\t\t\t\t<div class=\"elementor-element elementor-element-9588f63 elementor-widget elementor-widget-text-editor\" data-id=\"9588f63\" data-element_type=\"widget\" data-widget_type=\"text-editor.default\">\n\t\t\t\t<div class=\"elementor-widget-container\">\n\t\t\t\t\t\t\t<p>La nostra visione<\/p>\t\t\t\t\t\t<\/div>\n\t\t\t\t<\/div>\n\t\t\t\t<div class=\"elementor-element elementor-element-c934d9f elementor-widget elementor-widget-text-editor\" data-id=\"c934d9f\" data-element_type=\"widget\" data-widget_type=\"text-editor.default\">\n\t\t\t\t<div class=\"elementor-widget-container\">\n\t\t\t\t\t\t\t<p>Crediamo in un mondo dove tutti i popoli, insieme, promuovono cambiamenti positivi e duraturi nelle comunit\u00e0 vicine, in quelle lontane, in ognuno di noi.<\/p>\t\t\t\t\t\t<\/div>\n\t\t\t\t<\/div>\n\t\t\t\t<\/div>\n\t\t\t\t<\/div>\n\t\t<div class=\"elementor-element elementor-element-2638d1d e-flex e-con-boxed e-con e-parent\" data-id=\"2638d1d\" data-element_type=\"container\">\n\t\t\t\t\t<div class=\"e-con-inner\">\n\t\t\t\t<div class=\"elementor-element elementor-element-9941107 elementor-widget elementor-widget-text-editor\" data-id=\"9941107\" data-element_type=\"widget\" data-widget_type=\"text-editor.default\">\n\t\t\t\t<div class=\"elementor-widget-container\">\n\t\t\t\t\t\t\t<p>Le cause del Rotary<\/p>\t\t\t\t\t\t<\/div>\n\t\t\t\t<\/div>\n\t\t\t\t\t<\/div>\n\t\t\t\t<\/div>\n\t\t<div class=\"elementor-element elementor-element-1b45100 animated-slow e-flex e-con-boxed elementor-invisible e-con e-parent\" data-id=\"1b45100\" data-element_type=\"container\" data-settings=\"{&quot;animation&quot;:&quot;fadeIn&quot;}\">\n\t\t\t\t\t<div class=\"e-con-inner\">\n\t\t<div class=\"elementor-element elementor-element-892c480 e-con-full e-flex e-con e-child\" data-id=\"892c480\" data-element_type=\"container\" data-settings=\"{&quot;background_background&quot;:&quot;classic&quot;}\">\n\t\t\t\t<div class=\"elementor-element elementor-element-7c5ed4d elementor-widget elementor-widget-image\" data-id=\"7c5ed4d\" data-element_type=\"widget\" data-widget_type=\"image.default\">\n\t\t\t\t<div class=\"elementor-widget-container\">\n\t\t\t\t\t\t\t\t\t\t\t\t\t<img fetchpriority=\"high\" decoding=\"async\" width=\"320\" height=\"219\" src=\"https:\/\/rotary.b01.me\/wp-content\/uploads\/2024\/12\/promuovere-pace.jpg\" class=\"attachment-large size-large wp-image-100\" alt=\"\" srcset=\"https:\/\/rotary.b01.me\/wp-content\/uploads\/2024\/12\/promuovere-pace.jpg 320w, https:\/\/rotary.b01.me\/wp-content\/uploads\/2024\/12\/promuovere-pace-300x205.jpg 300w\" sizes=\"(max-width: 320px) 100vw, 320px\" \/>\t\t\t\t\t\t\t\t\t\t\t\t\t<\/div>\n\t\t\t\t<\/div>\n\t\t\t\t<div class=\"elementor-element elementor-element-15471cb elementor-widget elementor-widget-text-editor\" data-id=\"15471cb\" data-element_type=\"widget\" data-widget_type=\"text-editor.default\">\n\t\t\t\t<div class=\"elementor-widget-container\">\n\t\t\t\t\t\t\t<p>Promuovere la pace<br \/><br \/><\/p>\t\t\t\t\t\t<\/div>\n\t\t\t\t<\/div>\n\t\t\t\t<div class=\"elementor-element elementor-element-6830dbd elementor-widget elementor-widget-text-editor\" data-id=\"6830dbd\" data-element_type=\"widget\" data-widget_type=\"text-editor.default\">\n\t\t\t\t<div class=\"elementor-widget-container\">\n\t\t\t\t\t\t\t<p>Il Rotary incoraggia il dialogo che mira a promuovere la comprensione internazionale tra le diverse culture. Noi formiamo gli adulti e i ragazzi a essere dei leader a prevenire e negoziare i conflitti e aiutare le popolazioni che fuggono dalle aree in cui rischiano la loro vita.<\/p>\t\t\t\t\t\t<\/div>\n\t\t\t\t<\/div>\n\t\t\t\t<\/div>\n\t\t<div class=\"elementor-element elementor-element-276bd94 e-con-full e-flex e-con e-child\" data-id=\"276bd94\" data-element_type=\"container\" data-settings=\"{&quot;background_background&quot;:&quot;classic&quot;}\">\n\t\t\t\t<div class=\"elementor-element elementor-element-319b9ff elementor-widget elementor-widget-image\" data-id=\"319b9ff\" data-element_type=\"widget\" data-widget_type=\"image.default\">\n\t\t\t\t<div class=\"elementor-widget-container\">\n\t\t\t\t\t\t\t\t\t\t\t\t\t<img decoding=\"async\" width=\"320\" height=\"219\" src=\"https:\/\/rotary.b01.me\/wp-content\/uploads\/2024\/12\/malattie.jpg\" class=\"attachment-large size-large wp-image-101\" alt=\"\" srcset=\"https:\/\/rotary.b01.me\/wp-content\/uploads\/2024\/12\/malattie.jpg 320w, https:\/\/rotary.b01.me\/wp-content\/uploads\/2024\/12\/malattie-300x205.jpg 300w\" sizes=\"(max-width: 320px) 100vw, 320px\" \/>\t\t\t\t\t\t\t\t\t\t\t\t\t<\/div>\n\t\t\t\t<\/div>\n\t\t\t\t<div class=\"elementor-element elementor-element-9c952d1 elementor-widget elementor-widget-text-editor\" data-id=\"9c952d1\" data-element_type=\"widget\" data-widget_type=\"text-editor.default\">\n\t\t\t\t<div class=\"elementor-widget-container\">\n\t\t\t\t\t\t\t<p>Combattere le malattie<br \/><br \/><\/p>\t\t\t\t\t\t<\/div>\n\t\t\t\t<\/div>\n\t\t\t\t<div class=\"elementor-element elementor-element-cdf5cec elementor-widget elementor-widget-text-editor\" data-id=\"cdf5cec\" data-element_type=\"widget\" data-widget_type=\"text-editor.default\">\n\t\t\t\t<div class=\"elementor-widget-container\">\n\t\t\t\t\t\t\t<p>Provvediamo a educare e mobilitare le comunit\u00e0 per aiutare a prevenire la diffusione delle malattie pi\u00f9 importanti come la polio, HIV\/AIDS e malaria. Noi ci sforziamo a migliorare e ampliare l\u2019accesso alle cure a basso costo e gratuite nelle aree sottosviluppate.<\/p>\t\t\t\t\t\t<\/div>\n\t\t\t\t<\/div>\n\t\t\t\t<\/div>\n\t\t<div class=\"elementor-element elementor-element-f6513bc e-con-full e-flex e-con e-child\" data-id=\"f6513bc\" data-element_type=\"container\" data-settings=\"{&quot;background_background&quot;:&quot;classic&quot;}\">\n\t\t\t\t<div class=\"elementor-element elementor-element-c98123b elementor-widget elementor-widget-image\" data-id=\"c98123b\" data-element_type=\"widget\" data-widget_type=\"image.default\">\n\t\t\t\t<div class=\"elementor-widget-container\">\n\t\t\t\t\t\t\t\t\t\t\t\t\t<img decoding=\"async\" width=\"320\" height=\"219\" src=\"https:\/\/rotary.b01.me\/wp-content\/uploads\/2024\/12\/acqua.jpg\" class=\"attachment-large size-large wp-image-102\" alt=\"\" srcset=\"https:\/\/rotary.b01.me\/wp-content\/uploads\/2024\/12\/acqua.jpg 320w, https:\/\/rotary.b01.me\/wp-content\/uploads\/2024\/12\/acqua-300x205.jpg 300w\" sizes=\"(max-width: 320px) 100vw, 320px\" \/>\t\t\t\t\t\t\t\t\t\t\t\t\t<\/div>\n\t\t\t\t<\/div>\n\t\t\t\t<div class=\"elementor-element elementor-element-36ed981 elementor-widget elementor-widget-text-editor\" data-id=\"36ed981\" data-element_type=\"widget\" data-widget_type=\"text-editor.default\">\n\t\t\t\t<div class=\"elementor-widget-container\">\n\t\t\t\t\t\t\t<p>Fornire acqua e strutture igienico-sanitarie<\/p>\t\t\t\t\t\t<\/div>\n\t\t\t\t<\/div>\n\t\t\t\t<div class=\"elementor-element elementor-element-5cc8134 elementor-widget elementor-widget-text-editor\" data-id=\"5cc8134\" data-element_type=\"widget\" data-widget_type=\"text-editor.default\">\n\t\t\t\t<div class=\"elementor-widget-container\">\n\t\t\t\t\t\t\t<p>Sosteniamo le soluzioni sul posto per portare ogni giorno acqua pulita, servizi e igiene ad un maggior numero di persone. Andiamo sul posto per costruire pozzi e restiamo impegnati per assicurarne la sostenibilit\u00e0. Condividiamo le nostre competenze con i leader e gli educatori della comunit\u00e0 per garantire il successo dei nostri progetti a lungo termine.<\/p>\t\t\t\t\t\t<\/div>\n\t\t\t\t<\/div>\n\t\t\t\t<\/div>\n\t\t<div class=\"elementor-element elementor-element-cc954df e-con-full e-flex e-con e-child\" data-id=\"cc954df\" data-element_type=\"container\" data-settings=\"{&quot;background_background&quot;:&quot;classic&quot;}\">\n\t\t\t\t<div class=\"elementor-element elementor-element-e4ab5fa elementor-widget elementor-widget-image\" data-id=\"e4ab5fa\" data-element_type=\"widget\" data-widget_type=\"image.default\">\n\t\t\t\t<div class=\"elementor-widget-container\">\n\t\t\t\t\t\t\t\t\t\t\t\t\t<img loading=\"lazy\" decoding=\"async\" width=\"320\" height=\"219\" src=\"https:\/\/rotary.b01.me\/wp-content\/uploads\/2024\/12\/madri-bambini.jpg\" class=\"attachment-large size-large wp-image-103\" alt=\"\" srcset=\"https:\/\/rotary.b01.me\/wp-content\/uploads\/2024\/12\/madri-bambini.jpg 320w, https:\/\/rotary.b01.me\/wp-content\/uploads\/2024\/12\/madri-bambini-300x205.jpg 300w\" sizes=\"(max-width: 320px) 100vw, 320px\" \/>\t\t\t\t\t\t\t\t\t\t\t\t\t<\/div>\n\t\t\t\t<\/div>\n\t\t\t\t<div class=\"elementor-element elementor-element-93dd217 elementor-widget elementor-widget-text-editor\" data-id=\"93dd217\" data-element_type=\"widget\" data-widget_type=\"text-editor.default\">\n\t\t\t\t<div class=\"elementor-widget-container\">\n\t\t\t\t\t\t\t<p>Salvare madri e bambini<br \/><br \/><\/p>\t\t\t\t\t\t<\/div>\n\t\t\t\t<\/div>\n\t\t\t\t<div class=\"elementor-element elementor-element-f49b310 elementor-widget elementor-widget-text-editor\" data-id=\"f49b310\" data-element_type=\"widget\" data-widget_type=\"text-editor.default\">\n\t\t\t\t<div class=\"elementor-widget-container\">\n\t\t\t\t\t\t\t<p>Ogni anno, circa 6 milioni di bambini di et\u00e0 inferiore ai cinque anni muoiono a causa della malnutrizione, scarsa assistenza medica e condizioni igienico-sanitarie inadeguate. Noi miglioriamo l\u2019accesso ad un\u2019assistenza sanitaria di qualit\u00e0 per assicurare alle madri e ai loro figli una vita pi\u00f9 sana e sicura.<\/p>\t\t\t\t\t\t<\/div>\n\t\t\t\t<\/div>\n\t\t\t\t<\/div>\n\t\t\t\t\t<\/div>\n\t\t\t\t<\/div>\n\t\t<div class=\"elementor-element elementor-element-8b9c1c2 animated-slow e-flex e-con-boxed elementor-invisible e-con e-parent\" data-id=\"8b9c1c2\" data-element_type=\"container\" data-settings=\"{&quot;animation&quot;:&quot;fadeIn&quot;}\">\n\t\t\t\t\t<div class=\"e-con-inner\">\n\t\t<div class=\"elementor-element elementor-element-91be875 e-con-full e-flex e-con e-child\" data-id=\"91be875\" data-element_type=\"container\" data-settings=\"{&quot;background_background&quot;:&quot;classic&quot;}\">\n\t\t\t\t<div class=\"elementor-element elementor-element-c8bc19a elementor-widget elementor-widget-image\" data-id=\"c8bc19a\" data-element_type=\"widget\" data-widget_type=\"image.default\">\n\t\t\t\t<div class=\"elementor-widget-container\">\n\t\t\t\t\t\t\t\t\t\t\t\t\t<img loading=\"lazy\" decoding=\"async\" width=\"320\" height=\"219\" src=\"https:\/\/rotary.b01.me\/wp-content\/uploads\/2024\/12\/sostenere-ambiente.jpg\" class=\"attachment-large size-large wp-image-104\" alt=\"\" srcset=\"https:\/\/rotary.b01.me\/wp-content\/uploads\/2024\/12\/sostenere-ambiente.jpg 320w, https:\/\/rotary.b01.me\/wp-content\/uploads\/2024\/12\/sostenere-ambiente-300x205.jpg 300w\" sizes=\"(max-width: 320px) 100vw, 320px\" \/>\t\t\t\t\t\t\t\t\t\t\t\t\t<\/div>\n\t\t\t\t<\/div>\n\t\t\t\t<div class=\"elementor-element elementor-element-98b5b98 elementor-widget elementor-widget-text-editor\" data-id=\"98b5b98\" data-element_type=\"widget\" data-widget_type=\"text-editor.default\">\n\t\t\t\t<div class=\"elementor-widget-container\">\n\t\t\t\t\t\t\t<p>Sostenere l\u2019istruzione<\/p>\t\t\t\t\t\t<\/div>\n\t\t\t\t<\/div>\n\t\t\t\t<div class=\"elementor-element elementor-element-4ce33a3 elementor-widget elementor-widget-text-editor\" data-id=\"4ce33a3\" data-element_type=\"widget\" data-widget_type=\"text-editor.default\">\n\t\t\t\t<div class=\"elementor-widget-container\">\n\t\t\t\t\t\t\t<p>Oltre 775 milioni di persone di et\u00e0 superiore ai 15 anni sono analfabete. Il nostro obiettivo \u00e8 di rafforzare la capacit\u00e0 delle comunit\u00e0 di sostenere l\u2019alfabetizzazione e l\u2019educazione di base, ridurre la disparit\u00e0 tra i generi nel campo dell\u2019istruzione e incrementare l\u2019alfabetizzazione tra gli adulti.<\/p>\t\t\t\t\t\t<\/div>\n\t\t\t\t<\/div>\n\t\t\t\t<\/div>\n\t\t<div class=\"elementor-element elementor-element-10a9178 e-con-full e-flex e-con e-child\" data-id=\"10a9178\" data-element_type=\"container\" data-settings=\"{&quot;background_background&quot;:&quot;classic&quot;}\">\n\t\t\t\t<div class=\"elementor-element elementor-element-d744091 elementor-widget elementor-widget-image\" data-id=\"d744091\" data-element_type=\"widget\" data-widget_type=\"image.default\">\n\t\t\t\t<div class=\"elementor-widget-container\">\n\t\t\t\t\t\t\t\t\t\t\t\t\t<img loading=\"lazy\" decoding=\"async\" width=\"320\" height=\"219\" src=\"https:\/\/rotary.b01.me\/wp-content\/uploads\/2024\/12\/economie.jpg\" class=\"attachment-large size-large wp-image-105\" alt=\"\" srcset=\"https:\/\/rotary.b01.me\/wp-content\/uploads\/2024\/12\/economie.jpg 320w, https:\/\/rotary.b01.me\/wp-content\/uploads\/2024\/12\/economie-300x205.jpg 300w\" sizes=\"(max-width: 320px) 100vw, 320px\" \/>\t\t\t\t\t\t\t\t\t\t\t\t\t<\/div>\n\t\t\t\t<\/div>\n\t\t\t\t<div class=\"elementor-element elementor-element-2f48dfd elementor-widget elementor-widget-text-editor\" data-id=\"2f48dfd\" data-element_type=\"widget\" data-widget_type=\"text-editor.default\">\n\t\t\t\t<div class=\"elementor-widget-container\">\n\t\t\t\t\t\t\t<p>Sviluppare le economie locali<\/p>\t\t\t\t\t\t<\/div>\n\t\t\t\t<\/div>\n\t\t\t\t<div class=\"elementor-element elementor-element-3f1d6b8 elementor-widget elementor-widget-text-editor\" data-id=\"3f1d6b8\" data-element_type=\"widget\" data-widget_type=\"text-editor.default\">\n\t\t\t\t<div class=\"elementor-widget-container\">\n\t\t\t\t\t\t\t<p>Noi realizziamo progetti che mirano ad avanzare lo sviluppo economico delle comunit\u00e0 e creare le opportunit\u00e0 per un lavoro decente e produttivo per giovani e meno giovani. Inoltre, aiutiamo a rafforzare le capacit\u00e0 degli imprenditori e leader locali, in particolare donne, delle comunit\u00e0 povere.<\/p>\t\t\t\t\t\t<\/div>\n\t\t\t\t<\/div>\n\t\t\t\t<\/div>\n\t\t<div class=\"elementor-element elementor-element-3f212c5 e-con-full e-flex e-con e-child\" data-id=\"3f212c5\" data-element_type=\"container\" data-settings=\"{&quot;background_background&quot;:&quot;classic&quot;}\">\n\t\t\t\t<div class=\"elementor-element elementor-element-b156c36 elementor-widget elementor-widget-image\" data-id=\"b156c36\" data-element_type=\"widget\" data-widget_type=\"image.default\">\n\t\t\t\t<div class=\"elementor-widget-container\">\n\t\t\t\t\t\t\t\t\t\t\t\t\t<img loading=\"lazy\" decoding=\"async\" width=\"320\" height=\"219\" src=\"https:\/\/rotary.b01.me\/wp-content\/uploads\/2024\/12\/ambiente.jpg\" class=\"attachment-large size-large wp-image-106\" alt=\"\" srcset=\"https:\/\/rotary.b01.me\/wp-content\/uploads\/2024\/12\/ambiente.jpg 320w, https:\/\/rotary.b01.me\/wp-content\/uploads\/2024\/12\/ambiente-300x205.jpg 300w\" sizes=\"(max-width: 320px) 100vw, 320px\" \/>\t\t\t\t\t\t\t\t\t\t\t\t\t<\/div>\n\t\t\t\t<\/div>\n\t\t\t\t<div class=\"elementor-element elementor-element-9983ee2 elementor-widget elementor-widget-text-editor\" data-id=\"9983ee2\" data-element_type=\"widget\" data-widget_type=\"text-editor.default\">\n\t\t\t\t<div class=\"elementor-widget-container\">\n\t\t\t\t\t\t\t<p>Tutela dell\u2019ambiente<\/p>\t\t\t\t\t\t<\/div>\n\t\t\t\t<\/div>\n\t\t\t\t<div class=\"elementor-element elementor-element-2124061 elementor-widget elementor-widget-text-editor\" data-id=\"2124061\" data-element_type=\"widget\" data-widget_type=\"text-editor.default\">\n\t\t\t\t<div class=\"elementor-widget-container\">\n\t\t\t\t\t\t\t<p>I soci del Rotary affrontano le questioni ambientali nel modo in cui l\u2019hanno sempre fatto: ideando progetti, usando le loro connessioni per cambiare la normativa e pianificando il futuro.<\/p>\t\t\t\t\t\t<\/div>\n\t\t\t\t<\/div>\n\t\t\t\t<\/div>\n\t\t<div class=\"elementor-element elementor-element-9256145 e-con-full e-flex e-con e-child\" data-id=\"9256145\" data-element_type=\"container\" data-settings=\"{&quot;background_background&quot;:&quot;classic&quot;}\">\n\t\t\t\t<\/div>\n\t\t\t\t\t<\/div>\n\t\t\t\t<\/div>\n\t\t\t\t<\/div>\n\t\t","protected":false},"excerpt":{"rendered":"<p>Il Rotary \u00e8 una rete globale di 1,2 milioni di uomini e donne intraprendenti, amici, conoscenti, professionisti e imprenditori che credono in un mondo dove tutti i popoli, insieme, promuovono cambiamenti positivi e duraturi nelle comunit\u00e0 vicine, in quelle lontane, in ognuno di noi. Scopri di pi\u00f9 sul Rotary La risoluzione di problemi reali richiede [&hellip;]<\/p>\n","protected":false},"author":1,"featured_media":0,"parent":0,"menu_order":0,"comment_status":"closed","ping_status":"closed","template":"","meta":{"footnotes":""},"class_list":["post-79","page","type-page","status-publish","hentry"],"_links":{"self":[{"href":"https:\/\/rotary.b01.me\/index.php\/wp-json\/wp\/v2\/pages\/79","targetHints":{"allow":["GET"]}}],"collection":[{"href":"https:\/\/rotary.b01.me\/index.php\/wp-json\/wp\/v2\/pages"}],"about":[{"href":"https:\/\/rotary.b01.me\/index.php\/wp-json\/wp\/v2\/types\/page"}],"author":[{"embeddable":true,"href":"https:\/\/rotary.b01.me\/index.php\/wp-json\/wp\/v2\/users\/1"}],"replies":[{"embeddable":true,"href":"https:\/\/rotary.b01.me\/index.php\/wp-json\/wp\/v2\/comments?post=79"}],"version-history":[{"count":34,"href":"https:\/\/rotary.b01.me\/index.php\/wp-json\/wp\/v2\/pages\/79\/revisions"}],"predecessor-version":[{"id":175,"href":"https:\/\/rotary.b01.me\/index.php\/wp-json\/wp\/v2\/pages\/79\/revisions\/175"}],"wp:attachment":[{"href":"https:\/\/rotary.b01.me\/index.php\/wp-json\/wp\/v2\/media?parent=79"}],"curies":[{"name":"wp","href":"https:\/\/api.w.org\/{rel}","templated":true}]}}